{"id":214,"date":"2020-07-16T20:21:04","date_gmt":"2020-07-16T20:21:04","guid":{"rendered":"https:\/\/eeusoft.ro\/ro\/?page_id=214"},"modified":"2020-07-20T08:56:21","modified_gmt":"2020-07-20T08:56:21","slug":"ems-environmental-management-system","status":"publish","type":"page","link":"https:\/\/www.eeusoft.ro\/ro\/ems-environmental-management-system\/","title":{"rendered":"EMS &#8211; Environmental Management System"},"content":{"rendered":"\n<h2 class=\"wp-block-heading\">EEU Software se angajeaz\u0103 s\u0103 protejeze mediul.<\/h2>\n\n\n\n<p>Politica de mediu a <strong>EEU Software<\/strong> se bazeaz\u0103 pe eficien\u021ba produc\u021biei cu impact minim asupra mediului \u0219i respect\u0103 standardele interna\u021bionale de gestionare a mediului.<\/p>\n\n\n\n<p>Ne angaj\u0103m s\u0103 facem practici de afaceri sustenabile din punct de vedere al mediului.<\/p>\n\n\n\n<p>Politica de mediu este o declara\u021bie, care define\u0219te priorit\u0103\u021bile de securitate a procesului pe termen lung \u0219i priorit\u0103\u021bile de mediu ale <strong>EEU Software<\/strong>, \u00een zonele geografice unde \u00ee\u0219i opereaz\u0103 serviciile.<\/p>\n\n\n\n<p>Recicl\u0103m \u00een prezent toate de\u0219eurile noastre electronice \u0219i progres\u0103m \u00eempotriva reducerii consumului de energie \u0219i a emisiilor 1 \u0219i 2.<\/p>\n\n\n\n<div style=\"height:20px\" aria-hidden=\"true\" class=\"wp-block-spacer\"><\/div>\n\n\n\n<hr class=\"wp-block-separator\"\/>\n","protected":false},"excerpt":{"rendered":"<p>EEU Software se angajeaz\u0103 s\u0103 protejeze mediul. Politica de mediu a EEU Software se bazeaz\u0103 pe eficien\u021ba produc\u021biei cu impact minim asupra mediului \u0219i respect\u0103 standardele interna\u021bionale de gestionare a mediului. Ne angaj\u0103m s\u0103 facem practici de afaceri sustenabile din punct de vedere al mediului. Politica de mediu este o declara\u021bie, care define\u0219te priorit\u0103\u021bile de [&hellip;]<\/p>\n","protected":false},"author":1,"featured_media":77,"parent":0,"menu_order":3,"comment_status":"closed","ping_status":"closed","template":"page-ems.php","meta":[],"cmb2":{"eeu_rest_metabox":{"eeu_rest_text":""}},"_links":{"self":[{"href":"https:\/\/www.eeusoft.ro\/ro\/wp-json\/wp\/v2\/pages\/214"}],"collection":[{"href":"https:\/\/www.eeusoft.ro\/ro\/wp-json\/wp\/v2\/pages"}],"about":[{"href":"https:\/\/www.eeusoft.ro\/ro\/wp-json\/wp\/v2\/types\/page"}],"author":[{"embeddable":true,"href":"https:\/\/www.eeusoft.ro\/ro\/wp-json\/wp\/v2\/users\/1"}],"replies":[{"embeddable":true,"href":"https:\/\/www.eeusoft.ro\/ro\/wp-json\/wp\/v2\/comments?post=214"}],"version-history":[{"count":5,"href":"https:\/\/www.eeusoft.ro\/ro\/wp-json\/wp\/v2\/pages\/214\/revisions"}],"predecessor-version":[{"id":308,"href":"https:\/\/www.eeusoft.ro\/ro\/wp-json\/wp\/v2\/pages\/214\/revisions\/308"}],"wp:featuredmedia":[{"embeddable":true,"href":"https:\/\/www.eeusoft.ro\/ro\/wp-json\/wp\/v2\/media\/77"}],"wp:attachment":[{"href":"https:\/\/www.eeusoft.ro\/ro\/wp-json\/wp\/v2\/media?parent=214"}],"curies":[{"name":"wp","href":"https:\/\/api.w.org\/{rel}","templated":true}]}}